{"id":18,"date":"2020-12-22T09:36:37","date_gmt":"2020-12-22T09:36:37","guid":{"rendered":"https:\/\/origenatlantico.com\/?page_id=18"},"modified":"2025-12-18T20:30:13","modified_gmt":"2025-12-18T20:30:13","slug":"inicio","status":"publish","type":"page","link":"https:\/\/origenatlantico.com\/","title":{"rendered":"Un proyecto vitivin\u00edcola con base en Galicia que elabora vinos de calidad con esencia Atl\u00e1ntica. Vinos con car\u00e1cter, \u00fanicos, vinos atl\u00e1nticos."},"content":{"rendered":"\n<p class=\"has-text-align-left\"><br><strong>En el coraz\u00f3n del Vall do Salnes<\/strong>, Galicia, donde la bruma acaricia los vi\u00f1edos y el Atl\u00e1ntico marca el pulso de la tierra, nace un<strong> proyecto vitivin\u00edcola<\/strong> que elabora vinos con alma marinera. <br><br>Son <strong>vinos atl\u00e1nticos<\/strong>, llenos de frescura y car\u00e1cter, que hablan del viento salino, de suelos gran\u00edticos y del ritmo pausado de una regi\u00f3n que vive entre el mar y la monta\u00f1a. Cada botella guarda la esencia de Galicia: su naturaleza indomable, su cultura ancestral y ese equilibrio perfecto entre tradici\u00f3n y modernidad.<\/p>\n\n\n\n<div class=\"wp-block-columns are-vertically-aligned-center is-layout-flex wp-container-core-columns-is-layout-9d6595d7 wp-block-columns-is-layout-flex\">\n<div class=\"wp-block-column is-vertically-aligned-center is-layout-flow wp-block-column-is-layout-flow\" style=\"flex-basis:100%\"><div class=\"wp-block-image is-style-default\">\n<figure class=\"aligncenter size-large\"><img loading=\"lazy\" decoding=\"async\" width=\"904\" height=\"1024\" src=\"https:\/\/origenatlantico.com\/wp-content\/uploads\/2025\/12\/FOTO_NUEVABOTELLA_MEXILLON_2025_01-1-904x1024.jpg\" alt=\"\" class=\"wp-image-127\" srcset=\"https:\/\/origenatlantico.com\/wp-content\/uploads\/2025\/12\/FOTO_NUEVABOTELLA_MEXILLON_2025_01-1-904x1024.jpg 904w, https:\/\/origenatlantico.com\/wp-content\/uploads\/2025\/12\/FOTO_NUEVABOTELLA_MEXILLON_2025_01-1-265x300.jpg 265w, https:\/\/origenatlantico.com\/wp-content\/uploads\/2025\/12\/FOTO_NUEVABOTELLA_MEXILLON_2025_01-1-768x870.jpg 768w, https:\/\/origenatlantico.com\/wp-content\/uploads\/2025\/12\/FOTO_NUEVABOTELLA_MEXILLON_2025_01-1.jpg 960w\" sizes=\"auto, (max-width: 767px) 89vw, (max-width: 1000px) 54vw, (max-width: 1071px) 543px, 580px\" \/><\/figure><\/div><\/div>\n<\/div>\n\n\n\n<div class=\"wp-block-buttons is-content-justification-center is-layout-flex wp-container-core-buttons-is-layout-16018d1d wp-block-buttons-is-layout-flex\">\n<div class=\"wp-block-button\"><a class=\"wp-block-button__link has-text-align-center wp-element-button\" href=\"https:\/\/origenatlantico.com\/ficha_Albarin%CC%83o_Mexillon_an%CC%83ada2024.pdf\" target=\"_blank\" rel=\"noreferrer noopener\">FICHA DE PRODUCTO<\/a><\/div>\n<\/div>\n\n\n\n<p><\/p>\n\n\n\n<p><strong>MEXILLON 2024<\/strong><br>100% Albari\u00f1o sobre l\u00edas<br><br><strong>NOTA DE CATA<\/strong><br>Es <strong>un vino limpio y brillante de color amarillo paja dorado con destellos verdosos<\/strong>. En nariz se aprecian frescos aromas de frutas de albaricoque, mel\u00f3n y lim\u00f3n, y elegantes toques vegetales. En boca se muestra glic\u00e9rico, arom\u00e1tico, con paso de fruta, fresco, con chispa y con retronasal anisada y buena persistencia c\u00edtrica.<br><br><br><\/p>\n\n\n\n<p><\/p>\n\n\n\n<figure class=\"wp-block-image size-full is-resized\"><img loading=\"lazy\" decoding=\"async\" width=\"586\" height=\"203\" src=\"https:\/\/origenatlantico.com\/wp-content\/uploads\/2025\/12\/logo_riasbaixas.png\" alt=\"Logo DO Rias Baixas\" class=\"wp-image-168\" style=\"width:238px;height:auto\" srcset=\"https:\/\/origenatlantico.com\/wp-content\/uploads\/2025\/12\/logo_riasbaixas.png 586w, https:\/\/origenatlantico.com\/wp-content\/uploads\/2025\/12\/logo_riasbaixas-300x104.png 300w\" sizes=\"auto, (max-width: 586px) 100vw, 586px\" \/><\/figure>\n\n\n\n<h4 class=\"wp-block-heading\">R\u00edas Baixas Val do Saln\u00e9s<\/h4>\n\n\n\n<p>Nuestro <strong><a href=\"https:\/\/doriasbaixas.com\/los-vinos-do-rias-baixas\/\" target=\"_blank\" rel=\"noreferrer noopener\">R\u00edas Baixas Val do Saln\u00e9s<\/a><\/strong> es un <strong>vino blanco 100% de uvas de la variedad de Albari\u00f1o<\/strong>. La acidez propia de la variedad Albari\u00f1o permite que nuestros vinos prolonguen su vida con mucho mejor resultado que otros vinos blancos, de manera que la coexistencia de a\u00f1adas, como sucede en general con los vinos tintos, es cada vez m\u00e1s frecuente.<br><br><\/p>\n\n\n<div class=\"wp-block-image\">\n<figure class=\"aligncenter size-large\"><img loading=\"lazy\" decoding=\"async\" width=\"1024\" height=\"410\" src=\"https:\/\/origenatlantico.com\/wp-content\/uploads\/2025\/12\/cabecero_web_bordino_dic_2025-1024x410.jpg\" alt=\"Albari\u00f1o Mexillon Origen Atl\u00e1ntico\" class=\"wp-image-178\" srcset=\"https:\/\/origenatlantico.com\/wp-content\/uploads\/2025\/12\/cabecero_web_bordino_dic_2025-1024x410.jpg 1024w, https:\/\/origenatlantico.com\/wp-content\/uploads\/2025\/12\/cabecero_web_bordino_dic_2025-300x120.jpg 300w, https:\/\/origenatlantico.com\/wp-content\/uploads\/2025\/12\/cabecero_web_bordino_dic_2025-768x308.jpg 768w, https:\/\/origenatlantico.com\/wp-content\/uploads\/2025\/12\/cabecero_web_bordino_dic_2025.jpg 1500w\" sizes=\"auto, (max-width: 767px) 89vw, (max-width: 1000px) 54vw, (max-width: 1071px) 543px, 580px\" \/><\/figure><\/div>","protected":false},"excerpt":{"rendered":"<p>En el coraz\u00f3n del Vall do Salnes, Galicia, donde la bruma acaricia los vi\u00f1edos y el Atl\u00e1ntico marca el pulso de la tierra, nace un proyecto vitivin\u00edcola que elabora vinos con alma marinera. Son vinos atl\u00e1nticos, llenos de frescura y car\u00e1cter, que hablan del viento salino, de suelos gran\u00edticos y del ritmo pausado de una &hellip; <\/p>\n<p class=\"link-more\"><a href=\"https:\/\/origenatlantico.com\/\" class=\"more-link\">Continuar leyendo<span class=\"screen-reader-text\"> \u00abUn proyecto vitivin\u00edcola con base en Galicia que elabora vinos de calidad con esencia Atl\u00e1ntica. Vinos con car\u00e1cter, \u00fanicos, vinos atl\u00e1nticos.\u00bb<\/span><\/a><\/p>\n","protected":false},"author":1,"featured_media":0,"parent":0,"menu_order":0,"comment_status":"closed","ping_status":"closed","template":"","meta":{"footnotes":""},"class_list":["post-18","page","type-page","status-publish","hentry"],"yoast_head":"<!-- This site is optimized with the Yoast SEO plugin v27.4 - https:\/\/yoast.com\/product\/yoast-seo-wordpress\/ -->\n<title>Un proyecto vitivin\u00edcola con base en Galicia que elabora vinos de calidad con esencia Atl\u00e1ntica. Vinos con car\u00e1cter, \u00fanicos, vinos atl\u00e1nticos. - ORIGEN ATL\u00c1NTICO<\/title>\n<meta name=\"robots\" content=\"index, follow, max-snippet:-1, max-image-preview:large, max-video-preview:-1\" \/>\n<link rel=\"canonical\" href=\"https:\/\/origenatlantico.com\/\" \/>\n<meta property=\"og:locale\" content=\"es_ES\" \/>\n<meta property=\"og:type\" content=\"article\" \/>\n<meta property=\"og:title\" content=\"Un proyecto vitivin\u00edcola con base en Galicia que elabora vinos de calidad con esencia Atl\u00e1ntica. Vinos con car\u00e1cter, \u00fanicos, vinos atl\u00e1nticos. - ORIGEN ATL\u00c1NTICO\" \/>\n<meta property=\"og:description\" content=\"En el coraz\u00f3n del Vall do Salnes, Galicia, donde la bruma acaricia los vi\u00f1edos y el Atl\u00e1ntico marca el pulso de la tierra, nace un proyecto vitivin\u00edcola que elabora vinos con alma marinera. Son vinos atl\u00e1nticos, llenos de frescura y car\u00e1cter, que hablan del viento salino, de suelos gran\u00edticos y del ritmo pausado de una &hellip; Continuar leyendo &quot;Un proyecto vitivin\u00edcola con base en Galicia que elabora vinos de calidad con esencia Atl\u00e1ntica. Vinos con car\u00e1cter, \u00fanicos, vinos atl\u00e1nticos.&quot;\" \/>\n<meta property=\"og:url\" content=\"https:\/\/origenatlantico.com\/\" \/>\n<meta property=\"og:site_name\" content=\"ORIGEN ATL\u00c1NTICO\" \/>\n<meta property=\"article:modified_time\" content=\"2025-12-18T20:30:13+00:00\" \/>\n<meta property=\"og:image\" content=\"https:\/\/origenatlantico.com\/wp-content\/uploads\/2025\/12\/FOTO_NUEVABOTELLA_MEXILLON_2025_01-1.jpg\" \/>\n\t<meta property=\"og:image:width\" content=\"960\" \/>\n\t<meta property=\"og:image:height\" content=\"1088\" \/>\n\t<meta property=\"og:image:type\" content=\"image\/jpeg\" \/>\n<meta name=\"twitter:card\" content=\"summary_large_image\" \/>\n<meta name=\"twitter:label1\" content=\"Tiempo de lectura\" \/>\n\t<meta name=\"twitter:data1\" content=\"2 minutos\" \/>\n<script type=\"application\/ld+json\" class=\"yoast-schema-graph\">{\"@context\":\"https:\\\/\\\/schema.org\",\"@graph\":[{\"@type\":\"WebPage\",\"@id\":\"https:\\\/\\\/origenatlantico.com\\\/\",\"url\":\"https:\\\/\\\/origenatlantico.com\\\/\",\"name\":\"Un proyecto vitivin\u00edcola con base en Galicia que elabora vinos de calidad con esencia Atl\u00e1ntica. Vinos con car\u00e1cter, \u00fanicos, vinos atl\u00e1nticos. - ORIGEN ATL\u00c1NTICO\",\"isPartOf\":{\"@id\":\"https:\\\/\\\/origenatlantico.com\\\/#website\"},\"primaryImageOfPage\":{\"@id\":\"https:\\\/\\\/origenatlantico.com\\\/#primaryimage\"},\"image\":{\"@id\":\"https:\\\/\\\/origenatlantico.com\\\/#primaryimage\"},\"thumbnailUrl\":\"https:\\\/\\\/origenatlantico.com\\\/wp-content\\\/uploads\\\/2025\\\/12\\\/FOTO_NUEVABOTELLA_MEXILLON_2025_01-1-904x1024.jpg\",\"datePublished\":\"2020-12-22T09:36:37+00:00\",\"dateModified\":\"2025-12-18T20:30:13+00:00\",\"breadcrumb\":{\"@id\":\"https:\\\/\\\/origenatlantico.com\\\/#breadcrumb\"},\"inLanguage\":\"es\",\"potentialAction\":[{\"@type\":\"ReadAction\",\"target\":[\"https:\\\/\\\/origenatlantico.com\\\/\"]}]},{\"@type\":\"ImageObject\",\"inLanguage\":\"es\",\"@id\":\"https:\\\/\\\/origenatlantico.com\\\/#primaryimage\",\"url\":\"https:\\\/\\\/origenatlantico.com\\\/wp-content\\\/uploads\\\/2025\\\/12\\\/FOTO_NUEVABOTELLA_MEXILLON_2025_01-1.jpg\",\"contentUrl\":\"https:\\\/\\\/origenatlantico.com\\\/wp-content\\\/uploads\\\/2025\\\/12\\\/FOTO_NUEVABOTELLA_MEXILLON_2025_01-1.jpg\",\"width\":960,\"height\":1088},{\"@type\":\"BreadcrumbList\",\"@id\":\"https:\\\/\\\/origenatlantico.com\\\/#breadcrumb\",\"itemListElement\":[{\"@type\":\"ListItem\",\"position\":1,\"name\":\"Home\",\"item\":\"https:\\\/\\\/origenatlantico.com\\\/\"},{\"@type\":\"ListItem\",\"position\":2,\"name\":\"Un proyecto vitivin\u00edcola con base en Galicia que elabora vinos de calidad con esencia Atl\u00e1ntica. Vinos con car\u00e1cter, \u00fanicos, vinos atl\u00e1nticos.\"}]},{\"@type\":\"WebSite\",\"@id\":\"https:\\\/\\\/origenatlantico.com\\\/#website\",\"url\":\"https:\\\/\\\/origenatlantico.com\\\/\",\"name\":\"ORIGEN ATL\u00c1NTICO\",\"description\":\"PROYECTO VITIVIN\u00cdCOLA DE VINOS EXCELENTES\",\"publisher\":{\"@id\":\"https:\\\/\\\/origenatlantico.com\\\/#organization\"},\"potentialAction\":[{\"@type\":\"SearchAction\",\"target\":{\"@type\":\"EntryPoint\",\"urlTemplate\":\"https:\\\/\\\/origenatlantico.com\\\/?s={search_term_string}\"},\"query-input\":{\"@type\":\"PropertyValueSpecification\",\"valueRequired\":true,\"valueName\":\"search_term_string\"}}],\"inLanguage\":\"es\"},{\"@type\":\"Organization\",\"@id\":\"https:\\\/\\\/origenatlantico.com\\\/#organization\",\"name\":\"ORIGEN ATL\u00c1NTICO\",\"url\":\"https:\\\/\\\/origenatlantico.com\\\/\",\"logo\":{\"@type\":\"ImageObject\",\"inLanguage\":\"es\",\"@id\":\"https:\\\/\\\/origenatlantico.com\\\/#\\\/schema\\\/logo\\\/image\\\/\",\"url\":\"https:\\\/\\\/origenatlantico.com\\\/wp-content\\\/uploads\\\/2020\\\/12\\\/cropped-logo_origenatlantico2.png\",\"contentUrl\":\"https:\\\/\\\/origenatlantico.com\\\/wp-content\\\/uploads\\\/2020\\\/12\\\/cropped-logo_origenatlantico2.png\",\"width\":250,\"height\":250,\"caption\":\"ORIGEN ATL\u00c1NTICO\"},\"image\":{\"@id\":\"https:\\\/\\\/origenatlantico.com\\\/#\\\/schema\\\/logo\\\/image\\\/\"}}]}<\/script>\n<!-- \/ Yoast SEO plugin. -->","yoast_head_json":{"title":"Un proyecto vitivin\u00edcola con base en Galicia que elabora vinos de calidad con esencia Atl\u00e1ntica. Vinos con car\u00e1cter, \u00fanicos, vinos atl\u00e1nticos. - ORIGEN ATL\u00c1NTICO","robots":{"index":"index","follow":"follow","max-snippet":"max-snippet:-1","max-image-preview":"max-image-preview:large","max-video-preview":"max-video-preview:-1"},"canonical":"https:\/\/origenatlantico.com\/","og_locale":"es_ES","og_type":"article","og_title":"Un proyecto vitivin\u00edcola con base en Galicia que elabora vinos de calidad con esencia Atl\u00e1ntica. Vinos con car\u00e1cter, \u00fanicos, vinos atl\u00e1nticos. - ORIGEN ATL\u00c1NTICO","og_description":"En el coraz\u00f3n del Vall do Salnes, Galicia, donde la bruma acaricia los vi\u00f1edos y el Atl\u00e1ntico marca el pulso de la tierra, nace un proyecto vitivin\u00edcola que elabora vinos con alma marinera. Son vinos atl\u00e1nticos, llenos de frescura y car\u00e1cter, que hablan del viento salino, de suelos gran\u00edticos y del ritmo pausado de una &hellip; Continuar leyendo \"Un proyecto vitivin\u00edcola con base en Galicia que elabora vinos de calidad con esencia Atl\u00e1ntica. Vinos con car\u00e1cter, \u00fanicos, vinos atl\u00e1nticos.\"","og_url":"https:\/\/origenatlantico.com\/","og_site_name":"ORIGEN ATL\u00c1NTICO","article_modified_time":"2025-12-18T20:30:13+00:00","og_image":[{"width":960,"height":1088,"url":"https:\/\/origenatlantico.com\/wp-content\/uploads\/2025\/12\/FOTO_NUEVABOTELLA_MEXILLON_2025_01-1.jpg","type":"image\/jpeg"}],"twitter_card":"summary_large_image","twitter_misc":{"Tiempo de lectura":"2 minutos"},"schema":{"@context":"https:\/\/schema.org","@graph":[{"@type":"WebPage","@id":"https:\/\/origenatlantico.com\/","url":"https:\/\/origenatlantico.com\/","name":"Un proyecto vitivin\u00edcola con base en Galicia que elabora vinos de calidad con esencia Atl\u00e1ntica. Vinos con car\u00e1cter, \u00fanicos, vinos atl\u00e1nticos. - ORIGEN ATL\u00c1NTICO","isPartOf":{"@id":"https:\/\/origenatlantico.com\/#website"},"primaryImageOfPage":{"@id":"https:\/\/origenatlantico.com\/#primaryimage"},"image":{"@id":"https:\/\/origenatlantico.com\/#primaryimage"},"thumbnailUrl":"https:\/\/origenatlantico.com\/wp-content\/uploads\/2025\/12\/FOTO_NUEVABOTELLA_MEXILLON_2025_01-1-904x1024.jpg","datePublished":"2020-12-22T09:36:37+00:00","dateModified":"2025-12-18T20:30:13+00:00","breadcrumb":{"@id":"https:\/\/origenatlantico.com\/#breadcrumb"},"inLanguage":"es","potentialAction":[{"@type":"ReadAction","target":["https:\/\/origenatlantico.com\/"]}]},{"@type":"ImageObject","inLanguage":"es","@id":"https:\/\/origenatlantico.com\/#primaryimage","url":"https:\/\/origenatlantico.com\/wp-content\/uploads\/2025\/12\/FOTO_NUEVABOTELLA_MEXILLON_2025_01-1.jpg","contentUrl":"https:\/\/origenatlantico.com\/wp-content\/uploads\/2025\/12\/FOTO_NUEVABOTELLA_MEXILLON_2025_01-1.jpg","width":960,"height":1088},{"@type":"BreadcrumbList","@id":"https:\/\/origenatlantico.com\/#breadcrumb","itemListElement":[{"@type":"ListItem","position":1,"name":"Home","item":"https:\/\/origenatlantico.com\/"},{"@type":"ListItem","position":2,"name":"Un proyecto vitivin\u00edcola con base en Galicia que elabora vinos de calidad con esencia Atl\u00e1ntica. Vinos con car\u00e1cter, \u00fanicos, vinos atl\u00e1nticos."}]},{"@type":"WebSite","@id":"https:\/\/origenatlantico.com\/#website","url":"https:\/\/origenatlantico.com\/","name":"ORIGEN ATL\u00c1NTICO","description":"PROYECTO VITIVIN\u00cdCOLA DE VINOS EXCELENTES","publisher":{"@id":"https:\/\/origenatlantico.com\/#organization"},"potentialAction":[{"@type":"SearchAction","target":{"@type":"EntryPoint","urlTemplate":"https:\/\/origenatlantico.com\/?s={search_term_string}"},"query-input":{"@type":"PropertyValueSpecification","valueRequired":true,"valueName":"search_term_string"}}],"inLanguage":"es"},{"@type":"Organization","@id":"https:\/\/origenatlantico.com\/#organization","name":"ORIGEN ATL\u00c1NTICO","url":"https:\/\/origenatlantico.com\/","logo":{"@type":"ImageObject","inLanguage":"es","@id":"https:\/\/origenatlantico.com\/#\/schema\/logo\/image\/","url":"https:\/\/origenatlantico.com\/wp-content\/uploads\/2020\/12\/cropped-logo_origenatlantico2.png","contentUrl":"https:\/\/origenatlantico.com\/wp-content\/uploads\/2020\/12\/cropped-logo_origenatlantico2.png","width":250,"height":250,"caption":"ORIGEN ATL\u00c1NTICO"},"image":{"@id":"https:\/\/origenatlantico.com\/#\/schema\/logo\/image\/"}}]}},"_links":{"self":[{"href":"https:\/\/origenatlantico.com\/index.php\/wp-json\/wp\/v2\/pages\/18","targetHints":{"allow":["GET"]}}],"collection":[{"href":"https:\/\/origenatlantico.com\/index.php\/wp-json\/wp\/v2\/pages"}],"about":[{"href":"https:\/\/origenatlantico.com\/index.php\/wp-json\/wp\/v2\/types\/page"}],"author":[{"embeddable":true,"href":"https:\/\/origenatlantico.com\/index.php\/wp-json\/wp\/v2\/users\/1"}],"replies":[{"embeddable":true,"href":"https:\/\/origenatlantico.com\/index.php\/wp-json\/wp\/v2\/comments?post=18"}],"version-history":[{"count":33,"href":"https:\/\/origenatlantico.com\/index.php\/wp-json\/wp\/v2\/pages\/18\/revisions"}],"predecessor-version":[{"id":181,"href":"https:\/\/origenatlantico.com\/index.php\/wp-json\/wp\/v2\/pages\/18\/revisions\/181"}],"wp:attachment":[{"href":"https:\/\/origenatlantico.com\/index.php\/wp-json\/wp\/v2\/media?parent=18"}],"curies":[{"name":"wp","href":"https:\/\/api.w.org\/{rel}","templated":true}]}}